{"id":3666,"date":"2021-10-08T10:52:05","date_gmt":"2021-10-08T08:52:05","guid":{"rendered":"https:\/\/beta.torresarria.com\/?page_id=3666"},"modified":"2021-10-11T15:12:04","modified_gmt":"2021-10-11T13:12:04","slug":"avis-legal","status":"publish","type":"page","link":"https:\/\/torresarria.com\/ca\/avis-legal\/","title":{"rendered":"Av\u00eds legal"},"content":{"rendered":"<div  class=\"tatsu-rJWAPC7-xF tatsu-section  tatsu-bg-overlay   tatsu-clearfix\" data-title=\"\"  data-headerscheme=\"background--dark\"><div class='tatsu-section-pad clearfix' data-padding='{\"d\":\"250px 0px 90px 0px\"}' data-padding-top='250px'><div class=\"tatsu-row-wrap  tatsu-wrap tatsu-row-one-col tatsu-row-has-one-cols tatsu-medium-gutter tatsu-reg-cols  tatsu-clearfix tatsu-SJeCDCQ-lY\" ><div  class=\"tatsu-row \" ><div  class=\"tatsu-column  tatsu-bg-overlay tatsu-one-col tatsu-column-image-none tatsu-column-effect-none  tatsu-SyAPRXbxY\"  data-parallax-speed=\"0\" style=\"\"><div class=\"tatsu-column-inner \" ><div class=\"tatsu-column-pad-wrap\"><div class=\"tatsu-column-pad\" ><div  class=\"tatsu-module tatsu-text-block-wrap tatsu-rJsYC7-gF  \"><div class=\"tatsu-text-inner tatsu-align-center  clearfix\" ><style>.tatsu-rJsYC7-gF.tatsu-text-block-wrap .tatsu-text-inner{width: 100%;text-align: center;}.tatsu-rJsYC7-gF.tatsu-text-block-wrap{margin: 0px 0px 0px 0px;}<\/style>\n<h2>Av\u00eds legal<\/h2>\n<\/div><\/div><\/div><\/div><div class = \"tatsu-column-bg-image-wrap\"><div class = \"tatsu-column-bg-image\" ><\/div><\/div><div class=\"tatsu-overlay tatsu-column-overlay tatsu-animate-none\" ><\/div><\/div><style>.tatsu-row > .tatsu-SyAPRXbxY.tatsu-column{width: 100%;}.tatsu-SyAPRXbxY.tatsu-column > .tatsu-column-inner > .tatsu-column-overlay{mix-blend-mode: normal;}.tatsu-SyAPRXbxY > .tatsu-column-inner > .tatsu-top-divider{z-index: 9999;}.tatsu-SyAPRXbxY > .tatsu-column-inner > .tatsu-bottom-divider{z-index: 9999;}.tatsu-SyAPRXbxY > .tatsu-column-inner > .tatsu-left-divider{z-index: 9999;}.tatsu-SyAPRXbxY > .tatsu-column-inner > .tatsu-right-divider{z-index: 9999;}@media only screen and (max-width:1377px) {.tatsu-row > .tatsu-SyAPRXbxY.tatsu-column{width: 100%;}}@media only screen and (min-width:768px) and (max-width: 1024px) {.tatsu-row > .tatsu-SyAPRXbxY.tatsu-column{width: 100%;}}@media only screen and (max-width: 767px) {.tatsu-row > .tatsu-SyAPRXbxY.tatsu-column{width: 100%;}}<\/style><\/div><\/div><\/div><\/div><div class=\"tatsu-section-background-wrap\"><div class = \"tatsu-section-background\" ><\/div><\/div><div class=\"tatsu-overlay tatsu-section-overlay\"><\/div><style>.tatsu-rJWAPC7-xF.tatsu-section{background-color: rgba(180,178,165,1);}.tatsu-rJWAPC7-xF .tatsu-section-pad{padding: 250px 0px 90px 0px;}.tatsu-rJWAPC7-xF .tatsu-section-offset-wrap{transform: translateY(-0px);}.tatsu-rJWAPC7-xF > .tatsu-bottom-divider{z-index: 9999;}.tatsu-rJWAPC7-xF > .tatsu-top-divider{z-index: 9999;}.tatsu-rJWAPC7-xF .tatsu-section-overlay{mix-blend-mode: normal;}<\/style><\/div><div  class=\"tatsu-gkmk3dhlvl3v38rw tatsu-section  tatsu-bg-overlay   tatsu-clearfix\" data-title=\"\"  data-headerscheme=\"background--dark\"><div class='tatsu-section-pad clearfix' data-padding='{\"d\":\"150px 0px 150px 0px\"}' data-padding-top='150px'><div class=\"tatsu-row-wrap  tatsu-wrap tatsu-row-one-col tatsu-row-has-one-cols tatsu-medium-gutter tatsu-reg-cols  tatsu-clearfix tatsu-gkmk3dhlwyay03nr\" ><div  class=\"tatsu-row \" ><div  class=\"tatsu-column  tatsu-bg-overlay tatsu-one-col tatsu-column-image-none tatsu-column-effect-none  tatsu-gkmk3dhly9av1qk2\"  data-parallax-speed=\"0\" style=\"\"><div class=\"tatsu-column-inner \" ><div class=\"tatsu-column-pad-wrap\"><div class=\"tatsu-column-pad\" ><div  class=\"tatsu-module tatsu-text-block-wrap tatsu-gkmk3dhlze1ups06  \"><div class=\"tatsu-text-inner   clearfix\" ><style>.tatsu-gkmk3dhlze1ups06.tatsu-text-block-wrap .tatsu-text-inner{width: 100%;text-align: left;}<\/style>\n<ol>\n<li><strong>Responsable Legal de la Web<\/strong><\/li>\n<\/ol>\n<p><strong>Responsable Legal<\/strong>: Westinvest Gesellschaft f\u00fcr Investmentfonds mbH, Sucursal en Espa\u00f1a<\/p>\n<p><strong>Nif\/Cif:<\/strong> W0044309C<\/p>\n<p><strong>Direcci\u00f3n:<\/strong> Palacio Miraflores, Carrera de San Jer\u00f3nimo 15. 28015.Madrid<\/p>\n<p><strong>Email de Contacto:<\/strong> Joana.ruiz@cbre.com<\/p>\n<p><strong>Tlf:<\/strong> 93 280 10 34<\/p>\n<p><strong>Datos Registrales:<\/strong> inscrita en el Registro Mercantil de Madrid al Tomo 22.114, Folio 55, Hoja M-394.467<\/p>\n<ol start=\"2\">\n<li><strong>Condiciones de Uso<\/strong><\/li>\n<\/ol>\n<p>Las presentes condiciones legales regulan el uso permitido de esta p\u00e1gina web&nbsp;&nbsp; que Westinvest Gesellschaft f\u00fcr Investmentfonds mbH, en adelante, (TORRESARRIA.COM) pone a disposici\u00f3n de los usuarios de Internet. Si no est\u00e1 conforme con estas condiciones legales debe abandonar esta p\u00e1gina web.<\/p>\n<p>El Usuario se obliga a usar la web, los servicios y sus contenidos de forma diligente, correcta y l\u00edcita y en particular, deber\u00e1 abstenerse de:<\/p>\n<ul>\n<li>Suprimir, eludir o manipular el &#8220;copyright&#8221; y dem\u00e1s datos identificativos de los derechos de sus titulares incorporados a los contenidos, as\u00ed como los dispositivos t\u00e9cnicos de protecci\u00f3n, o cualesquiera mecanismos de informaci\u00f3n que pudieren contener los contenidos.<\/li>\n<\/ul>\n<ul>\n<li>Introducir programas, virus, macros o cualquier otro dispositivo l\u00f3gico o secuencia de caracteres que causen o sean susceptibles de causar cualquier tipo de alteraci\u00f3n en la p\u00e1gina web o los sistemas inform\u00e1ticos que la soportan.<\/li>\n<\/ul>\n<ul>\n<li>Usar o instalar programas o dispositivos capaces de invalidar los controles o contrase\u00f1as de seguridad, establecidos por TORRESARRIA.COM, estando igualmente prohibido descifrar las claves, sistemas o algoritmos de cifrado o cualquier otro elemento de seguridad de la p\u00e1gina web o cualquiera de sus usuarios.<\/li>\n<\/ul>\n<ul>\n<li>Realizar copia o captura de pantallas de la p\u00e1gina web, sin autorizaci\u00f3n expresa de TORRESARRIA.COM<\/li>\n<\/ul>\n<ul>\n<li>Efectuar copias o versiones de la p\u00e1gina web o su c\u00f3digo fuente, sin el consentimiento expreso de TORRESARRIA.COM<\/li>\n<\/ul>\n<ul>\n<li>Realizar cualquier tipo de comportamiento contrario a la Ley o la buena fe.<\/li>\n<\/ul>\n<ol start=\"3\">\n<li><strong>Exclusi\u00f3n de Responsabilidad<\/strong><\/li>\n<\/ol>\n<p>TORRESARRIA.COM, no se hace responsable de las p\u00e9rdidas o perjuicios que pueda ocasionar al usuario por virus, indisponibilidad o cualquier otro comportamiento an\u00f3malo de la p\u00e1gina web. TORRESARRIA.COM, ha adoptado todas las medidas de seguridad a su alcance y seg\u00fan el estado actual de la t\u00e9cnica, para garantizar el correcto funcionamiento de la web y evitar la generaci\u00f3n de cualquier tipo de da\u00f1o al usuario.<\/p>\n<ol start=\"4\">\n<li><strong>Enlaces<\/strong><\/li>\n<\/ol>\n<p>TORRESARRIA.COM declina cualquier responsabilidad por los servicios y\/o informaci\u00f3n que se presten en otras p\u00e1ginas enlazadas con esta Web. TORRESARRIA.COM no controla ni ejerce ning\u00fan tipo de supervisi\u00f3n sobre las p\u00e1ginas enlazadas. Los usuarios que utilicen estos enlaces deber\u00e1n consultar las condiciones legales expuestas en las p\u00e1ginas de destino.<\/p>\n<p>TORRESARRIA.COM tampoco ser\u00e1 responsable por los enlaces incluidos en su p\u00e1gina web a p\u00e1ginas de terceros ajenas a TORRESARRIA.COM. Los usuarios que utilicen estos enlaces deber\u00e1n consultar las condiciones legales expuestas en las p\u00e1ginas de destino.<\/p>\n<ol start=\"5\">\n<li><strong>Propiedad Intelectual<\/strong><\/li>\n<\/ol>\n<p>Los textos, im\u00e1genes, logos, signos distintivos, sonidos, animaciones, v\u00eddeos, c\u00f3digo fuente y resto de contenidos incluidos en esta web son propiedad de TORRESARRIA.COM, o dispone en su caso, del permiso para su uso y\/o explotaci\u00f3n.<\/p>\n<p>Los usuarios de esta p\u00e1gina web podr\u00e1n llevar a cabo la reproducci\u00f3n o almacenamiento de los contenidos almacenados en esta p\u00e1gina para su exclusivo uso personal o las finalidades autorizadas en las condiciones legales de esta web. Cualquier otra transmisi\u00f3n, distribuci\u00f3n, reproducci\u00f3n o almacenamiento, total o parcial, de los contenidos almacenados en esta web, queda expresamente prohibida salvo previo y expreso consentimiento de TORRESARRIA.COM.<\/p>\n<ol start=\"6\">\n<li><strong>Legislaci\u00f3n y Jurisdicci\u00f3n<\/strong><\/li>\n<\/ol>\n<p>Esta p\u00e1gina web se encuentra sometida a la legislaci\u00f3n Espa\u00f1ola y en caso de litigio o controversia surgida del uso de esta p\u00e1gina web, ambas partes se someten a la jurisdicci\u00f3n de los tribunales del domicilio de TORRESARRIA.COM. Esta cl\u00e1usula de sumisi\u00f3n expresa, no ser\u00e1 aplicable para los supuestos de litigio con los usuarios de la web que seg\u00fan la legislaci\u00f3n vigente ostenten la condici\u00f3n de consumidores, en cuyo caso ambas partes estar\u00e1n sometidos a la jurisdicci\u00f3n de los Juzgados y Tribunales de residencia del consumidor.<\/p>\n<ol start=\"7\">\n<li><strong>Versi\u00f3n<\/strong><\/li>\n<\/ol>\n<p>Este Aviso Legal es de fecha 01\/09\/2021 y cualquier modificaci\u00f3n de sus t\u00e9rminos ser\u00e1 publicada en la p\u00e1gina web.<\/p>\n<\/div><\/div><\/div><\/div><div class = \"tatsu-column-bg-image-wrap\"><div class = \"tatsu-column-bg-image\" ><\/div><\/div><div class=\"tatsu-overlay tatsu-column-overlay tatsu-animate-none\" ><\/div><\/div><style>.tatsu-row > .tatsu-gkmk3dhly9av1qk2.tatsu-column{width: 100%;}.tatsu-gkmk3dhly9av1qk2.tatsu-column > .tatsu-column-inner > .tatsu-column-overlay{mix-blend-mode: normal;}.tatsu-gkmk3dhly9av1qk2 > .tatsu-column-inner > .tatsu-top-divider{z-index: 9999;}.tatsu-gkmk3dhly9av1qk2 > .tatsu-column-inner > .tatsu-bottom-divider{z-index: 9999;}.tatsu-gkmk3dhly9av1qk2 > .tatsu-column-inner > .tatsu-left-divider{z-index: 9999;}.tatsu-gkmk3dhly9av1qk2 > .tatsu-column-inner > .tatsu-right-divider{z-index: 9999;}<\/style><\/div><\/div><\/div><\/div><div class=\"tatsu-section-background-wrap\"><div class = \"tatsu-section-background\" ><\/div><\/div><div class=\"tatsu-overlay tatsu-section-overlay\"><\/div><style>.tatsu-gkmk3dhlvl3v38rw .tatsu-section-pad{padding: 150px 0px 150px 0px;}.tatsu-gkmk3dhlvl3v38rw > .tatsu-bottom-divider{z-index: 9999;}.tatsu-gkmk3dhlvl3v38rw > .tatsu-top-divider{z-index: 9999;}.tatsu-gkmk3dhlvl3v38rw .tatsu-section-overlay{mix-blend-mode: normal;}<\/style><\/div>\n","protected":false},"excerpt":{"rendered":"<p><a href=\"https:\/\/torresarria.com\/ca\/avis-legal\/\" class=\"more-link style1-button\">Read More<\/a><\/p>","protected":false},"author":4,"featured_media":0,"parent":0,"menu_order":0,"comment_status":"closed","ping_status":"closed","template":"","meta":{"footnotes":""},"class_list":["post-3666","page","type-page","status-publish","hentry"],"yoast_head":"<!-- This site is optimized with the Yoast SEO plugin v26.1.1 - https:\/\/yoast.com\/wordpress\/plugins\/seo\/ -->\n<title>Av\u00eds legal - Torres Sarri\u00e0 \u00b7 Edificio exclusivo oficinas Barcelona<\/title>\n<meta name=\"robots\" content=\"noindex, follow\" \/>\n<meta property=\"og:locale\" content=\"ca_ES\" \/>\n<meta property=\"og:type\" content=\"article\" \/>\n<meta property=\"og:title\" content=\"Av\u00eds legal - Torres Sarri\u00e0 \u00b7 Edificio exclusivo oficinas Barcelona\" \/>\n<meta property=\"og:url\" content=\"https:\/\/torresarria.com\/ca\/avis-legal\/\" \/>\n<meta property=\"og:site_name\" content=\"Torres Sarri\u00e0 \u00b7 Edificio exclusivo oficinas Barcelona\" \/>\n<meta property=\"article:modified_time\" content=\"2021-10-11T13:12:04+00:00\" \/>\n<meta name=\"twitter:card\" content=\"summary_large_image\" \/>\n<meta name=\"twitter:label1\" content=\"Temps estimat de lectura\" \/>\n\t<meta name=\"twitter:data1\" content=\"6 minuts\" \/>\n<script type=\"application\/ld+json\" class=\"yoast-schema-graph\">{\"@context\":\"https:\/\/schema.org\",\"@graph\":[{\"@type\":\"WebPage\",\"@id\":\"https:\/\/torresarria.com\/ca\/avis-legal\/\",\"url\":\"https:\/\/torresarria.com\/ca\/avis-legal\/\",\"name\":\"Av\u00eds legal - Torres Sarri\u00e0 \u00b7 Edificio exclusivo oficinas Barcelona\",\"isPartOf\":{\"@id\":\"https:\/\/torresarria.com\/ca\/#website\"},\"datePublished\":\"2021-10-08T08:52:05+00:00\",\"dateModified\":\"2021-10-11T13:12:04+00:00\",\"breadcrumb\":{\"@id\":\"https:\/\/torresarria.com\/ca\/avis-legal\/#breadcrumb\"},\"inLanguage\":\"ca\",\"potentialAction\":[{\"@type\":\"ReadAction\",\"target\":[\"https:\/\/torresarria.com\/ca\/avis-legal\/\"]}]},{\"@type\":\"BreadcrumbList\",\"@id\":\"https:\/\/torresarria.com\/ca\/avis-legal\/#breadcrumb\",\"itemListElement\":[{\"@type\":\"ListItem\",\"position\":1,\"name\":\"Inicio\",\"item\":\"https:\/\/torresarria.com\/ca\/\"},{\"@type\":\"ListItem\",\"position\":2,\"name\":\"Av\u00eds legal\"}]},{\"@type\":\"WebSite\",\"@id\":\"https:\/\/torresarria.com\/ca\/#website\",\"url\":\"https:\/\/torresarria.com\/ca\/\",\"name\":\"Torres Sarri\u00e0 \u00b7 Edificio exclusivo oficinas Barcelona\",\"description\":\"Edificio exclusivo de oficinas ubicado en Avenida Sarri\u00e0, un punto estrat\u00e9gico del sector de negocios y de f\u00e1cil acceso desde cualquier lugar de Barcelona. Torres Sarri\u00e0\",\"publisher\":{\"@id\":\"https:\/\/torresarria.com\/ca\/#organization\"},\"potentialAction\":[{\"@type\":\"SearchAction\",\"target\":{\"@type\":\"EntryPoint\",\"urlTemplate\":\"https:\/\/torresarria.com\/ca\/?s={search_term_string}\"},\"query-input\":{\"@type\":\"PropertyValueSpecification\",\"valueRequired\":true,\"valueName\":\"search_term_string\"}}],\"inLanguage\":\"ca\"},{\"@type\":\"Organization\",\"@id\":\"https:\/\/torresarria.com\/ca\/#organization\",\"name\":\"Torres Sarri\u00e0\",\"url\":\"https:\/\/torresarria.com\/ca\/\",\"logo\":{\"@type\":\"ImageObject\",\"inLanguage\":\"ca\",\"@id\":\"https:\/\/torresarria.com\/ca\/#\/schema\/logo\/image\/\",\"url\":\"https:\/\/torresarria.com\/wp-content\/uploads\/2021\/08\/TorresSarria-1-scaled.jpg\",\"contentUrl\":\"https:\/\/torresarria.com\/wp-content\/uploads\/2021\/08\/TorresSarria-1-scaled.jpg\",\"width\":2560,\"height\":844,\"caption\":\"Torres Sarri\u00e0\"},\"image\":{\"@id\":\"https:\/\/torresarria.com\/ca\/#\/schema\/logo\/image\/\"},\"sameAs\":[\"https:\/\/www.instagram.com\/torres_sarria\/\",\"https:\/\/www.linkedin.com\/company\/sarria-forum\/\"]}]}<\/script>\n<!-- \/ Yoast SEO plugin. -->","yoast_head_json":{"title":"Av\u00eds legal - Torres Sarri\u00e0 \u00b7 Edificio exclusivo oficinas Barcelona","robots":{"index":"noindex","follow":"follow"},"og_locale":"ca_ES","og_type":"article","og_title":"Av\u00eds legal - Torres Sarri\u00e0 \u00b7 Edificio exclusivo oficinas Barcelona","og_url":"https:\/\/torresarria.com\/ca\/avis-legal\/","og_site_name":"Torres Sarri\u00e0 \u00b7 Edificio exclusivo oficinas Barcelona","article_modified_time":"2021-10-11T13:12:04+00:00","twitter_card":"summary_large_image","twitter_misc":{"Temps estimat de lectura":"6 minuts"},"schema":{"@context":"https:\/\/schema.org","@graph":[{"@type":"WebPage","@id":"https:\/\/torresarria.com\/ca\/avis-legal\/","url":"https:\/\/torresarria.com\/ca\/avis-legal\/","name":"Av\u00eds legal - Torres Sarri\u00e0 \u00b7 Edificio exclusivo oficinas Barcelona","isPartOf":{"@id":"https:\/\/torresarria.com\/ca\/#website"},"datePublished":"2021-10-08T08:52:05+00:00","dateModified":"2021-10-11T13:12:04+00:00","breadcrumb":{"@id":"https:\/\/torresarria.com\/ca\/avis-legal\/#breadcrumb"},"inLanguage":"ca","potentialAction":[{"@type":"ReadAction","target":["https:\/\/torresarria.com\/ca\/avis-legal\/"]}]},{"@type":"BreadcrumbList","@id":"https:\/\/torresarria.com\/ca\/avis-legal\/#breadcrumb","itemListElement":[{"@type":"ListItem","position":1,"name":"Inicio","item":"https:\/\/torresarria.com\/ca\/"},{"@type":"ListItem","position":2,"name":"Av\u00eds legal"}]},{"@type":"WebSite","@id":"https:\/\/torresarria.com\/ca\/#website","url":"https:\/\/torresarria.com\/ca\/","name":"Torres Sarri\u00e0 \u00b7 Edificio exclusivo oficinas Barcelona","description":"Edificio exclusivo de oficinas ubicado en Avenida Sarri\u00e0, un punto estrat\u00e9gico del sector de negocios y de f\u00e1cil acceso desde cualquier lugar de Barcelona. Torres Sarri\u00e0","publisher":{"@id":"https:\/\/torresarria.com\/ca\/#organization"},"potentialAction":[{"@type":"SearchAction","target":{"@type":"EntryPoint","urlTemplate":"https:\/\/torresarria.com\/ca\/?s={search_term_string}"},"query-input":{"@type":"PropertyValueSpecification","valueRequired":true,"valueName":"search_term_string"}}],"inLanguage":"ca"},{"@type":"Organization","@id":"https:\/\/torresarria.com\/ca\/#organization","name":"Torres Sarri\u00e0","url":"https:\/\/torresarria.com\/ca\/","logo":{"@type":"ImageObject","inLanguage":"ca","@id":"https:\/\/torresarria.com\/ca\/#\/schema\/logo\/image\/","url":"https:\/\/torresarria.com\/wp-content\/uploads\/2021\/08\/TorresSarria-1-scaled.jpg","contentUrl":"https:\/\/torresarria.com\/wp-content\/uploads\/2021\/08\/TorresSarria-1-scaled.jpg","width":2560,"height":844,"caption":"Torres Sarri\u00e0"},"image":{"@id":"https:\/\/torresarria.com\/ca\/#\/schema\/logo\/image\/"},"sameAs":["https:\/\/www.instagram.com\/torres_sarria\/","https:\/\/www.linkedin.com\/company\/sarria-forum\/"]}]}},"_links":{"self":[{"href":"https:\/\/torresarria.com\/ca\/wp-json\/wp\/v2\/pages\/3666","targetHints":{"allow":["GET"]}}],"collection":[{"href":"https:\/\/torresarria.com\/ca\/wp-json\/wp\/v2\/pages"}],"about":[{"href":"https:\/\/torresarria.com\/ca\/wp-json\/wp\/v2\/types\/page"}],"author":[{"embeddable":true,"href":"https:\/\/torresarria.com\/ca\/wp-json\/wp\/v2\/users\/4"}],"replies":[{"embeddable":true,"href":"https:\/\/torresarria.com\/ca\/wp-json\/wp\/v2\/comments?post=3666"}],"version-history":[{"count":2,"href":"https:\/\/torresarria.com\/ca\/wp-json\/wp\/v2\/pages\/3666\/revisions"}],"predecessor-version":[{"id":3698,"href":"https:\/\/torresarria.com\/ca\/wp-json\/wp\/v2\/pages\/3666\/revisions\/3698"}],"wp:attachment":[{"href":"https:\/\/torresarria.com\/ca\/wp-json\/wp\/v2\/media?parent=3666"}],"curies":[{"name":"wp","href":"https:\/\/api.w.org\/{rel}","templated":true}]}}