{"id":3664,"date":"2019-06-07T10:37:02","date_gmt":"2019-06-07T08:37:02","guid":{"rendered":"https:\/\/beta.torresarria.com\/?page_id=3664"},"modified":"2021-10-11T15:11:55","modified_gmt":"2021-10-11T13:11:55","slug":"privacidad","status":"publish","type":"page","link":"https:\/\/torresarria.com\/ca\/privacidad\/","title":{"rendered":"Pol\u00edtica de privacitat"},"content":{"rendered":"<div  class=\"tatsu-Bk-29Tmbgt tatsu-section  tatsu-bg-overlay   tatsu-clearfix\" data-title=\"\"  data-headerscheme=\"background--dark\"><div class='tatsu-section-pad clearfix' data-padding='{\"d\":\"250px 0px 90px 0px\"}' data-padding-top='250px'><div class=\"tatsu-row-wrap  tatsu-wrap tatsu-row-one-col tatsu-row-has-one-cols tatsu-medium-gutter tatsu-reg-cols  tatsu-clearfix tatsu-Skl2qaQbeY\" ><div  class=\"tatsu-row \" ><div  class=\"tatsu-column  tatsu-bg-overlay tatsu-one-col tatsu-column-image-none tatsu-column-effect-none  tatsu-S1h5p7bxK\"  data-parallax-speed=\"0\" style=\"\"><div class=\"tatsu-column-inner \" ><div class=\"tatsu-column-pad-wrap\"><div class=\"tatsu-column-pad\" ><div  class=\"tatsu-module tatsu-text-block-wrap tatsu-ryCoTQZeF  \"><div class=\"tatsu-text-inner tatsu-align-center  clearfix\" ><style>.tatsu-ryCoTQZeF.tatsu-text-block-wrap .tatsu-text-inner{width: 100%;text-align: center;}.tatsu-ryCoTQZeF.tatsu-text-block-wrap{margin: 0px 0px 0px 0px;}<\/style>\n<h2>Pol\u00edtica de privacitat<\/h2>\n<\/div><\/div><\/div><\/div><div class = \"tatsu-column-bg-image-wrap\"><div class = \"tatsu-column-bg-image\" ><\/div><\/div><div class=\"tatsu-overlay tatsu-column-overlay tatsu-animate-none\" ><\/div><\/div><style>.tatsu-row > .tatsu-S1h5p7bxK.tatsu-column{width: 100%;}.tatsu-S1h5p7bxK.tatsu-column > .tatsu-column-inner > .tatsu-column-overlay{mix-blend-mode: normal;}.tatsu-S1h5p7bxK > .tatsu-column-inner > .tatsu-top-divider{z-index: 9999;}.tatsu-S1h5p7bxK > .tatsu-column-inner > .tatsu-bottom-divider{z-index: 9999;}.tatsu-S1h5p7bxK > .tatsu-column-inner > .tatsu-left-divider{z-index: 9999;}.tatsu-S1h5p7bxK > .tatsu-column-inner > .tatsu-right-divider{z-index: 9999;}@media only screen and (max-width:1377px) {.tatsu-row > .tatsu-S1h5p7bxK.tatsu-column{width: 100%;}}@media only screen and (min-width:768px) and (max-width: 1024px) {.tatsu-row > .tatsu-S1h5p7bxK.tatsu-column{width: 100%;}}@media only screen and (max-width: 767px) {.tatsu-row > .tatsu-S1h5p7bxK.tatsu-column{width: 100%;}}<\/style><\/div><\/div><\/div><\/div><div class=\"tatsu-section-background-wrap\"><div class = \"tatsu-section-background\" ><\/div><\/div><div class=\"tatsu-overlay tatsu-section-overlay\"><\/div><style>.tatsu-Bk-29Tmbgt.tatsu-section{background-color: rgba(180,178,165,1);}.tatsu-Bk-29Tmbgt .tatsu-section-pad{padding: 250px 0px 90px 0px;}.tatsu-Bk-29Tmbgt .tatsu-section-offset-wrap{transform: translateY(-0px);}.tatsu-Bk-29Tmbgt > .tatsu-bottom-divider{z-index: 9999;}.tatsu-Bk-29Tmbgt > .tatsu-top-divider{z-index: 9999;}.tatsu-Bk-29Tmbgt .tatsu-section-overlay{mix-blend-mode: normal;}<\/style><\/div><div  class=\"tatsu-gkmk3dhlvl3v38rw tatsu-section  tatsu-bg-overlay   tatsu-clearfix\" data-title=\"\"  data-headerscheme=\"background--dark\"><div class='tatsu-section-pad clearfix' data-padding='{\"d\":\"90px 0px 90px 0px\"}' data-padding-top='90px'><div class=\"tatsu-row-wrap  tatsu-wrap tatsu-row-one-col tatsu-row-has-one-cols tatsu-medium-gutter tatsu-reg-cols  tatsu-clearfix tatsu-gkmk3dhlwyay03nr\" ><div  class=\"tatsu-row \" ><div  class=\"tatsu-column  tatsu-bg-overlay tatsu-one-col tatsu-column-image-none tatsu-column-effect-none  tatsu-gkmk3dhly9av1qk2\"  data-parallax-speed=\"0\" style=\"\"><div class=\"tatsu-column-inner \" ><div class=\"tatsu-column-pad-wrap\"><div class=\"tatsu-column-pad\" ><div  class=\"tatsu-module tatsu-text-block-wrap tatsu-gkmk3dhlze1ups06  \"><div class=\"tatsu-text-inner   clearfix\" ><style>.tatsu-gkmk3dhlze1ups06.tatsu-text-block-wrap .tatsu-text-inner{width: 100%;text-align: left;}<\/style>\n<div class=\"vc_row wpb_row vc_row-fluid\">\n<div class=\"wpb_column vc_column_container vc_col-sm-12\">\n<div class=\"vc_column-inner\">\n<div class=\"wpb_wrapper\">\n<div class=\"wpb_raw_code wpb_content_element wpb_raw_html\">\n<div class=\"wpb_wrapper\">\n<p><strong><strong>1. Responsable del Tratamiento<br \/>\n<\/strong><\/strong><\/p>\n<p><strong>Responsable del Tratamiento<\/strong>: Westinvest Gesellschaft F\u00fcr Investmentfonds Mbh, Sucursal en Espa\u00f1a (Edificio Sarri\u00e1 Forum Barcelona)<\/p>\n<p><strong>Direcci\u00f3n Postal:<\/strong> Av. de Sarri\u00e0, 102, 106, C.P. 08017 Barcelona<br \/>\n<strong>Tel\u00e9fono<\/strong>: <a href=\"tel:+34932801034\" target=\"_blank\" rel=\"noopener noreferrer\">93 280 10 34<\/a><br \/>\n<strong>Email<\/strong>:<a href=\"mailto:recepcionsarriaforum@kosmos-group.net\" target=\"_blank\" rel=\"noopener noreferrer\"> recepcionsarriaforum@kosmos-group.net<\/a><\/p>\n<p><strong><strong>2. Tratamientos<br \/>\n<\/strong><\/strong><\/p>\n<p>EDIFICIO SARRIA FORUM \u00fanicamente trata los datos de car\u00e1cter personal que a continuaci\u00f3n se indican:<\/p>\n<\/div>\n<\/div>\n<\/div>\n<\/div>\n<\/div>\n<\/div>\n<\/div><\/div><div  class=\"tatsu-module tatsu-text-block-wrap tatsu-Hkpzat6NY  \"><div class=\"tatsu-text-inner tatsu-align-center  clearfix\" ><style>.tatsu-Hkpzat6NY.tatsu-text-block-wrap .tatsu-text-inner{width: 100%;text-align: left;}.tatsu-Hkpzat6NY.tatsu-text-block-wrap{margin: 0px 0px 30px 50px;}<\/style>\n<ol>\n<li><strong>Datos Recogidos a trav\u00e9s de la p\u00e1gina web<\/strong><br \/>\n<strong>Finalidad<\/strong>: Contestar las solicitudes de informaci\u00f3n y contacto remitidas a trav\u00e9s de los correos electr\u00f3nicos y formularios de contacto de la p\u00e1gina web.<br \/>\n<strong>Conservaci\u00f3n<\/strong>: Los datos personales del interesado se conservar\u00e1n hasta que no se solicite la supresi\u00f3n por el interesado y en todo caso por un periodo m\u00e1ximo de cinco a\u00f1os.<br \/>\n<strong>Legitimaci\u00f3n<\/strong>: Consentimiento del Interesado<br \/>\n<strong>Destinatarios<\/strong>: No est\u00e1 prevista la comunicaci\u00f3n de datos personales salvo en los supuestos establecidos por una obligaci\u00f3n legal.<br \/>\n<strong>Formas de Obtenci\u00f3n<\/strong>: Los datos personales que tratamos han sido obtenidos del propio interesadoLas categor\u00edas de datos que se tratan son las siguientes:<br \/>\n&#8211; Datos identificativos<br \/>\n&#8211; Datos de contacto<br \/>\n&#8211; No se tratan datos especialmente protegidos<\/li>\n<li><strong>Control de Accesos<\/strong><strong>Finalidad<\/strong>: Control de accesos al edificio y seguridad<br \/>\n<strong>Conservaci\u00f3n<\/strong>: Los datos personales del interesado se conservar\u00e1n durante un plazo m\u00e1ximo de un mes<br \/>\n<strong>Legitimaci\u00f3n<\/strong>: Inter\u00e9s leg\u00edtimo del responsable del tratamiento<br \/>\n<strong>Destinatarios<\/strong>: No est\u00e1 prevista la comunicaci\u00f3n de datos personales salvo en los supuestos establecidos por una obligaci\u00f3n legal.<br \/>\n<strong>Formas de Obtenci\u00f3n:<\/strong> Los datos personales que tratamos han sido obtenidos del propio interesado<\/p>\n<p>Las categor\u00edas de datos que se tratan son las siguientes:<br \/>\n&#8211; Datos identificativos<br \/>\n&#8211; No se tratan datos especialmente protegidos<\/li>\n<li><strong>Emisi\u00f3n de Tarjetas Identificativas y de Acceso<\/strong><strong>Finalidad<\/strong>: Gesti\u00f3n de los sistemas de control de acceso al edificio e identificaci\u00f3n de empleados que trabajan en el edificio<br \/>\n<strong>Conservaci\u00f3n<\/strong>: Los datos se conservar\u00e1n hasta que dejen de ser necesarios para la finalidad para la que han sido recogidos<br \/>\n<strong>Legitimaci\u00f3n<\/strong>: Inter\u00e9s leg\u00edtimo del responsable del tratamiento<br \/>\n<strong>Destinatarios<\/strong>: No est\u00e1 prevista la comunicaci\u00f3n de datos personales salvo en los supuestos establecidos por una obligaci\u00f3n legal.<br \/>\n<strong>Formas de Obtenci\u00f3n<\/strong>: Los datos personales que tratamos han sido obtenidos del propio interesado o el responsable legal de la empresa<\/p>\n<p>Las categor\u00edas de datos que se tratan son las siguientes:<br \/>\n&#8211; Datos identificativos<br \/>\n&#8211; No se tratan datos especialmente protegidos<\/li>\n<li><strong>Personas de Contacto de Empresas instaladas en el Edificio<\/strong><strong>Finalidad:<\/strong> Gesti\u00f3n del edificio y contacto con representantes de arrendatarios del edificio<br \/>\n<strong>Conservaci\u00f3n:<\/strong> Cancelaci\u00f3n una vez que dejen de ser necesarios para la finalidad para la que han sido recogidos<br \/>\n<strong>Legitimaci\u00f3n:<\/strong> Ejecuci\u00f3n de las obligaciones derivadas del contrato de arrendamiento<br \/>\n<strong>Destinatarios<\/strong>: No est\u00e1 prevista la comunicaci\u00f3n de datos personales salvo en los supuestos establecidos por una obligaci\u00f3n legal.<br \/>\n<strong>Formas de Obtenci\u00f3n<\/strong>: Los datos personales que tratamos han sido obtenidos del propio interesado o su representante legal<\/p>\n<p>Las categor\u00edas de datos que se tratan son las siguientes:<br \/>\n&#8211; Datos identificativos<br \/>\n&#8211; Datos de contacto<br \/>\n&#8211; No se tratan datos especialmente protegidos<\/li>\n<li><strong>Asistentes a Eventos<\/strong><strong>Finalidad<\/strong>: Los datos personales recogidos ser\u00e1n tratados con la finalidad de gestionar la participaci\u00f3n del interesado en los eventos o actividades solicitadas. Igualmente, si nos proporciona su consentimiento a trav\u00e9s de las casillas establecidas al efecto, emplearemos los datos facilitados, con la finalidad de enviarle informaci\u00f3n por v\u00eda postal y\/o electr\u00f3nica sobre nuestros productos y servicios, actividades, ofertas y promociones.<br \/>\n<strong>Conservaci\u00f3n<\/strong>: Los datos personales para el env\u00edo de informaci\u00f3n se conservar\u00e1n hasta que no se solicite la supresi\u00f3n por el interesado. El resto de informaci\u00f3n se conservar\u00e1 por un periodo m\u00e1ximo de un a\u00f1o.<br \/>\n<strong>Legitimaci\u00f3n<\/strong>: La legitimaci\u00f3n del tratamiento se basa en el consentimiento del interesado facilitado durante el proceso de recogida de sus datos.<br \/>\n<strong>Destinatarios<\/strong>: No se ceder\u00e1n datos a terceros salvo obligaci\u00f3n legal<br \/>\n<strong>Formas de Obtenci\u00f3n<\/strong>: Los datos personales que tratamos han sido obtenidos del propio interesado<\/p>\n<p>Las categor\u00edas de datos que se tratan son las siguientes:<br \/>\n&#8211; Datos identificativos y de contacto<br \/>\n&#8211; No se tratan datos especialmente protegidos<\/li>\n<li><strong>Videovigilancia<\/strong><strong>Finalidad<\/strong>: los datos personales recogidos por nuestro sistema de videovigilancia ser\u00e1n tratados con la finalidad de preservar la seguridad de las instalaciones, bienes y personas del EDIFICIO SARRIA FORUM<br \/>\n<strong>Conservaci\u00f3n<\/strong>: Los datos personales del interesado se conservar\u00e1n durante un periodo m\u00e1ximo de 30 d\u00edas, salvo que dichos datos resulten necesarios para hacer frente a una reclamaci\u00f3n o ejercicio de derechos en cuyo caso se mantendr\u00e1n hasta la finalizaci\u00f3n de la misma<br \/>\n<strong>Legitimaci\u00f3n<\/strong>: La base legal para el tratamiento de sus datos es el cumplimiento de una misi\u00f3n realizada en inter\u00e9s p\u00fablico, como es la seguridad y videovigilancia de nuestras instalaciones.<br \/>\n<strong>Destinatarios<\/strong>: En el supuesto de comisi\u00f3n de hechos delictivos las im\u00e1genes obtenidas ser\u00e1n comunicadas a las fuerzas y cuerpos de seguridad del estado. Fuera de dichos supuestos no se ceder\u00e1n datos a terceros salvo obligaci\u00f3n legal<br \/>\n<strong>Formas de Obtenci\u00f3n<\/strong>: Los datos personales tratados fueron obtenidos del propio interesado a trav\u00e9s del sistema de videovigilancia<\/p>\n<p>Las categor\u00edas de datos que se tratan son las siguientes:<br \/>\n&#8211; Im\u00e1genes<br \/>\n&#8211; No se tratan datos especialmente protegidos<\/li>\n<li><strong>Suscriptores a la lista de correo electr\u00f3nico<\/strong><strong>Finalidad<\/strong>: Enviarle informaci\u00f3n de su inter\u00e9s sobre nuestras actividades, eventos y novedades del EDIFICIO SARRIA FORUM<br \/>\n<strong>Conservaci\u00f3n<\/strong>: Los datos personales del interesado se conservar\u00e1n hasta que no se solicite la supresi\u00f3n por el interesado.<br \/>\n<strong>Legitimaci\u00f3n<\/strong>: Consentimiento del Interesado<br \/>\n<strong>Destinatarios<\/strong>: No est\u00e1 prevista la comunicaci\u00f3n de datos personales salvo en los supuestos establecidos por una obligaci\u00f3n legal.<br \/>\n<strong>Formas de Obtenci\u00f3n<\/strong>: Los datos personales que tratamos han sido obtenidos del propio interesado<\/p>\n<p>Las categor\u00edas de datos que se tratan son las siguientes:<br \/>\n&#8211; Datos identificativos<br \/>\n&#8211; Datos de contacto<br \/>\n&#8211; No se tratan datos especialmente protegidos<\/li>\n<li><strong>Proveedores<\/strong><strong>Finalidad<\/strong>: Gesti\u00f3n de proveedores<br \/>\n<strong>Conservaci\u00f3n<\/strong>: Los datos se conservar\u00e1n durante 5 a\u00f1os. (Art. 1964 del C\u00f3digo Civil)<br \/>\n<strong>Legitimaci\u00f3n<\/strong>: Ejecuci\u00f3n del contrato suscrito con el proveedor<br \/>\n<strong>Destinatarios<\/strong>: No est\u00e1 prevista la comunicaci\u00f3n de datos personales salvo en los supuestos establecidos por una obligaci\u00f3n legal.<br \/>\n<strong>Formas de Obtenci\u00f3n<\/strong>: Los datos personales que tratamos han sido obtenidos del propio interesado<\/p>\n<p>Las categor\u00edas de datos que se tratan son las siguientes:<br \/>\n&#8211; Datos identificativos<br \/>\n&#8211; Datos de contacto<br \/>\n&#8211; Bienes y servicios suministrados por el proveedor<br \/>\n&#8211; No se tratan datos especialmente protegidos<\/li>\n<li><strong>Reserva y Alquiler de Salas y Espacios Comunes<\/strong><\/li>\n<\/ol>\n<p style=\"padding-left: 40px;\"><strong>Finalidad<\/strong>: Gesti\u00f3n de reservas y alquiler de salas y espacios comunes del edificio para la celebraci\u00f3n de actos o eventos organizados por el interesado<br \/>\n<strong>Conservaci\u00f3n<\/strong>: Los datos se conservar\u00e1n durante&nbsp; los 5 a\u00f1os posteriores a la finalizaci\u00f3n de la cesi\u00f3n o alquiler del espacio.<br \/>\n<strong>Legitimaci\u00f3n<\/strong>: Ejecuci\u00f3n del contrato de cesi\u00f3n o alquiler de salas o espacios<br \/>\n<strong>Destinatarios<\/strong>: No est\u00e1 prevista la comunicaci\u00f3n de datos personales salvo en los supuestos establecidos por una obligaci\u00f3n legal.<br \/>\n<strong>Formas de Obtenci\u00f3n<\/strong>: Los datos personales que tratamos han sido obtenidos del propio interesado o de su representante legal<\/p>\n<p>Las categor\u00edas de datos que se tratan son las siguientes:<br \/>\n&#8211; Datos identificativos<br \/>\n&#8211; Datos de contacto<br \/>\n&#8211; No se tratan datos especialmente protegidos<\/p>\n<\/div><\/div><div  class=\"tatsu-module tatsu-text-block-wrap tatsu-S1jY3KaEt  \"><div class=\"tatsu-text-inner   clearfix\" ><style>.tatsu-S1jY3KaEt.tatsu-text-block-wrap .tatsu-text-inner{width: 100%;text-align: left;}<\/style>\n<div class=\"vc_row wpb_row vc_row-fluid\">\n<div class=\"wpb_column vc_column_container vc_col-sm-12\">\n<div class=\"vc_column-inner\">\n<div class=\"wpb_wrapper\">\n<div class=\"wpb_raw_code wpb_content_element wpb_raw_html\">\n<div class=\"wpb_wrapper\">\n<p><strong>3. Derechos del Interesado<\/strong><\/p>\n<p>&#8211; Tiene derecho a obtener confirmaci\u00f3n sobre si estamos tratando datos personales que le conciernan<br \/>\n&#8211; Las personas interesadas tienen derecho a acceder a sus datos personales, as\u00ed como a solicitar la rectificaci\u00f3n de los datos inexactos o en su caso, solicitar su supresi\u00f3n cuando entre otros motivos, los datos ya no sean necesarios para los fines que fueron recogidos.<br \/>\n&#8211; En determinadas circunstancias, los interesados podr\u00e1n solicitar la limitaci\u00f3n del tratamiento de sus datos, en cuyo caso \u00fanicamente los conservaremos para el ejercicio o defensa de reclamaciones.<br \/>\n&#8211; En determinadas circunstancias y por motivos relacionados con su situaci\u00f3n particular, los interesados podr\u00e1n oponerse al tratamiento de sus datos. En estos supuestos no se tratar\u00e1n sus datos salvo por motivos leg\u00edtimos o el ejercicio o defensa de posibles reclamaciones.<br \/>\n&#8211; En determinadas circunstancias, tendr\u00e1 derecho a recibir los datos personales que le incumban en un formato estructurado de uso com\u00fan y lectura mec\u00e1nicaPuede ejercer sus derechos a trav\u00e9s de la direcci\u00f3n de email <a href=\"mailto:joana.ruiz@cbre.com\" target=\"_blank\" rel=\"noopener noreferrer\">joana.ruiz@cbre.com<\/a>&nbsp; o personalmente en nuestras instalaciones, as\u00ed como obtener m\u00e1s informaci\u00f3n sobre sus derechos y acceder a modelos para su ejercicio en la siguiente direcci\u00f3n web: <a href=\"https:\/\/www.aepd.es\/\" target=\"_blank\" rel=\"noopener noreferrer\">https:\/\/www.aepd.es\/<\/a><\/p>\n<p>As\u00ed mismo, le informamos de su derecho a presentar una reclamaci\u00f3n ante la Agencia Espa\u00f1ola de Protecci\u00f3n de Datos si la petici\u00f3n de ejercicio de alg\u00fan derecho no ha sido satisfecha correctamente o si por cualquier otro motivo considera que sus datos personales no est\u00e1n siendo tratados correctamente. Para ello, podr\u00e1 dirigirse a la siguiente direcci\u00f3n web<br \/>\n<a href=\"https:\/\/sedeagpd.gob.es\/sede-electronica-web\/\" target=\"_blank\" rel=\"noopener noreferrer\">https:\/\/sedeagpd.gob.es\/sede-electronica-web\/<\/a><\/p>\n<p><strong>4. Versi\u00f3n<\/strong><\/p>\n<p>Esta pol\u00edtica de privacidad es de fecha 24\/06\/2020 y cualquier modificaci\u00f3n de sus t\u00e9rminos ser\u00e1 publicada en esta p\u00e1gina web.<\/p>\n<ol>\n<li style=\"list-style-type: none;\"><\/li>\n<\/ol>\n<\/div>\n<\/div>\n<\/div>\n<\/div>\n<\/div>\n<\/div>\n<\/div><\/div><\/div><\/div><div class = \"tatsu-column-bg-image-wrap\"><div class = \"tatsu-column-bg-image\" ><\/div><\/div><div class=\"tatsu-overlay tatsu-column-overlay tatsu-animate-none\" ><\/div><\/div><style>.tatsu-row > .tatsu-gkmk3dhly9av1qk2.tatsu-column{width: 100%;}.tatsu-gkmk3dhly9av1qk2.tatsu-column > .tatsu-column-inner > .tatsu-column-overlay{mix-blend-mode: normal;}.tatsu-gkmk3dhly9av1qk2 > .tatsu-column-inner > .tatsu-top-divider{z-index: 9999;}.tatsu-gkmk3dhly9av1qk2 > .tatsu-column-inner > .tatsu-bottom-divider{z-index: 9999;}.tatsu-gkmk3dhly9av1qk2 > .tatsu-column-inner > .tatsu-left-divider{z-index: 9999;}.tatsu-gkmk3dhly9av1qk2 > .tatsu-column-inner > .tatsu-right-divider{z-index: 9999;}<\/style><\/div><\/div><\/div><\/div><div class=\"tatsu-section-background-wrap\"><div class = \"tatsu-section-background\" ><\/div><\/div><div class=\"tatsu-overlay tatsu-section-overlay\"><\/div><style>.tatsu-gkmk3dhlvl3v38rw .tatsu-section-pad{padding: 90px 0px 90px 0px;}.tatsu-gkmk3dhlvl3v38rw > .tatsu-bottom-divider{z-index: 9999;}.tatsu-gkmk3dhlvl3v38rw > .tatsu-top-divider{z-index: 9999;}.tatsu-gkmk3dhlvl3v38rw .tatsu-section-overlay{mix-blend-mode: normal;}<\/style><\/div>\n","protected":false},"excerpt":{"rendered":"<p><a href=\"https:\/\/torresarria.com\/ca\/privacidad\/\" class=\"more-link style1-button\">Read More<\/a><\/p>","protected":false},"author":5,"featured_media":0,"parent":0,"menu_order":0,"comment_status":"closed","ping_status":"closed","template":"","meta":{"footnotes":""},"class_list":["post-3664","page","type-page","status-publish","hentry"],"yoast_head":"<!-- This site is optimized with the Yoast SEO plugin v26.1.1 - https:\/\/yoast.com\/wordpress\/plugins\/seo\/ -->\n<title>Pol\u00edtica de privacitat - Torres Sarri\u00e0 \u00b7 Edificio exclusivo oficinas Barcelona<\/title>\n<meta name=\"robots\" content=\"noindex, nofollow\" \/>\n<meta property=\"og:locale\" content=\"ca_ES\" \/>\n<meta property=\"og:type\" content=\"article\" \/>\n<meta property=\"og:title\" content=\"Pol\u00edtica de privacitat - Torres Sarri\u00e0 \u00b7 Edificio exclusivo oficinas Barcelona\" \/>\n<meta property=\"og:url\" content=\"https:\/\/torresarria.com\/ca\/privacidad\/\" \/>\n<meta property=\"og:site_name\" content=\"Torres Sarri\u00e0 \u00b7 Edificio exclusivo oficinas Barcelona\" \/>\n<meta property=\"article:modified_time\" content=\"2021-10-11T13:11:55+00:00\" \/>\n<meta name=\"twitter:card\" content=\"summary_large_image\" \/>\n<meta name=\"twitter:label1\" content=\"Temps estimat de lectura\" \/>\n\t<meta name=\"twitter:data1\" content=\"10 minuts\" \/>\n<script type=\"application\/ld+json\" class=\"yoast-schema-graph\">{\"@context\":\"https:\/\/schema.org\",\"@graph\":[{\"@type\":\"WebPage\",\"@id\":\"https:\/\/torresarria.com\/ca\/privacidad\/\",\"url\":\"https:\/\/torresarria.com\/ca\/privacidad\/\",\"name\":\"Pol\u00edtica de privacitat - Torres Sarri\u00e0 \u00b7 Edificio exclusivo oficinas Barcelona\",\"isPartOf\":{\"@id\":\"https:\/\/torresarria.com\/ca\/#website\"},\"datePublished\":\"2019-06-07T08:37:02+00:00\",\"dateModified\":\"2021-10-11T13:11:55+00:00\",\"breadcrumb\":{\"@id\":\"https:\/\/torresarria.com\/ca\/privacidad\/#breadcrumb\"},\"inLanguage\":\"ca\",\"potentialAction\":[{\"@type\":\"ReadAction\",\"target\":[\"https:\/\/torresarria.com\/ca\/privacidad\/\"]}]},{\"@type\":\"BreadcrumbList\",\"@id\":\"https:\/\/torresarria.com\/ca\/privacidad\/#breadcrumb\",\"itemListElement\":[{\"@type\":\"ListItem\",\"position\":1,\"name\":\"Inicio\",\"item\":\"https:\/\/torresarria.com\/ca\/\"},{\"@type\":\"ListItem\",\"position\":2,\"name\":\"Pol\u00edtica de privacitat\"}]},{\"@type\":\"WebSite\",\"@id\":\"https:\/\/torresarria.com\/ca\/#website\",\"url\":\"https:\/\/torresarria.com\/ca\/\",\"name\":\"Torres Sarri\u00e0 \u00b7 Edificio exclusivo oficinas Barcelona\",\"description\":\"Edificio exclusivo de oficinas ubicado en Avenida Sarri\u00e0, un punto estrat\u00e9gico del sector de negocios y de f\u00e1cil acceso desde cualquier lugar de Barcelona. Torres Sarri\u00e0\",\"publisher\":{\"@id\":\"https:\/\/torresarria.com\/ca\/#organization\"},\"potentialAction\":[{\"@type\":\"SearchAction\",\"target\":{\"@type\":\"EntryPoint\",\"urlTemplate\":\"https:\/\/torresarria.com\/ca\/?s={search_term_string}\"},\"query-input\":{\"@type\":\"PropertyValueSpecification\",\"valueRequired\":true,\"valueName\":\"search_term_string\"}}],\"inLanguage\":\"ca\"},{\"@type\":\"Organization\",\"@id\":\"https:\/\/torresarria.com\/ca\/#organization\",\"name\":\"Torres Sarri\u00e0\",\"url\":\"https:\/\/torresarria.com\/ca\/\",\"logo\":{\"@type\":\"ImageObject\",\"inLanguage\":\"ca\",\"@id\":\"https:\/\/torresarria.com\/ca\/#\/schema\/logo\/image\/\",\"url\":\"https:\/\/torresarria.com\/wp-content\/uploads\/2021\/08\/TorresSarria-1-scaled.jpg\",\"contentUrl\":\"https:\/\/torresarria.com\/wp-content\/uploads\/2021\/08\/TorresSarria-1-scaled.jpg\",\"width\":2560,\"height\":844,\"caption\":\"Torres Sarri\u00e0\"},\"image\":{\"@id\":\"https:\/\/torresarria.com\/ca\/#\/schema\/logo\/image\/\"},\"sameAs\":[\"https:\/\/www.instagram.com\/torres_sarria\/\",\"https:\/\/www.linkedin.com\/company\/sarria-forum\/\"]}]}<\/script>\n<!-- \/ Yoast SEO plugin. -->","yoast_head_json":{"title":"Pol\u00edtica de privacitat - Torres Sarri\u00e0 \u00b7 Edificio exclusivo oficinas Barcelona","robots":{"index":"noindex","follow":"nofollow"},"og_locale":"ca_ES","og_type":"article","og_title":"Pol\u00edtica de privacitat - Torres Sarri\u00e0 \u00b7 Edificio exclusivo oficinas Barcelona","og_url":"https:\/\/torresarria.com\/ca\/privacidad\/","og_site_name":"Torres Sarri\u00e0 \u00b7 Edificio exclusivo oficinas Barcelona","article_modified_time":"2021-10-11T13:11:55+00:00","twitter_card":"summary_large_image","twitter_misc":{"Temps estimat de lectura":"10 minuts"},"schema":{"@context":"https:\/\/schema.org","@graph":[{"@type":"WebPage","@id":"https:\/\/torresarria.com\/ca\/privacidad\/","url":"https:\/\/torresarria.com\/ca\/privacidad\/","name":"Pol\u00edtica de privacitat - Torres Sarri\u00e0 \u00b7 Edificio exclusivo oficinas Barcelona","isPartOf":{"@id":"https:\/\/torresarria.com\/ca\/#website"},"datePublished":"2019-06-07T08:37:02+00:00","dateModified":"2021-10-11T13:11:55+00:00","breadcrumb":{"@id":"https:\/\/torresarria.com\/ca\/privacidad\/#breadcrumb"},"inLanguage":"ca","potentialAction":[{"@type":"ReadAction","target":["https:\/\/torresarria.com\/ca\/privacidad\/"]}]},{"@type":"BreadcrumbList","@id":"https:\/\/torresarria.com\/ca\/privacidad\/#breadcrumb","itemListElement":[{"@type":"ListItem","position":1,"name":"Inicio","item":"https:\/\/torresarria.com\/ca\/"},{"@type":"ListItem","position":2,"name":"Pol\u00edtica de privacitat"}]},{"@type":"WebSite","@id":"https:\/\/torresarria.com\/ca\/#website","url":"https:\/\/torresarria.com\/ca\/","name":"Torres Sarri\u00e0 \u00b7 Edificio exclusivo oficinas Barcelona","description":"Edificio exclusivo de oficinas ubicado en Avenida Sarri\u00e0, un punto estrat\u00e9gico del sector de negocios y de f\u00e1cil acceso desde cualquier lugar de Barcelona. Torres Sarri\u00e0","publisher":{"@id":"https:\/\/torresarria.com\/ca\/#organization"},"potentialAction":[{"@type":"SearchAction","target":{"@type":"EntryPoint","urlTemplate":"https:\/\/torresarria.com\/ca\/?s={search_term_string}"},"query-input":{"@type":"PropertyValueSpecification","valueRequired":true,"valueName":"search_term_string"}}],"inLanguage":"ca"},{"@type":"Organization","@id":"https:\/\/torresarria.com\/ca\/#organization","name":"Torres Sarri\u00e0","url":"https:\/\/torresarria.com\/ca\/","logo":{"@type":"ImageObject","inLanguage":"ca","@id":"https:\/\/torresarria.com\/ca\/#\/schema\/logo\/image\/","url":"https:\/\/torresarria.com\/wp-content\/uploads\/2021\/08\/TorresSarria-1-scaled.jpg","contentUrl":"https:\/\/torresarria.com\/wp-content\/uploads\/2021\/08\/TorresSarria-1-scaled.jpg","width":2560,"height":844,"caption":"Torres Sarri\u00e0"},"image":{"@id":"https:\/\/torresarria.com\/ca\/#\/schema\/logo\/image\/"},"sameAs":["https:\/\/www.instagram.com\/torres_sarria\/","https:\/\/www.linkedin.com\/company\/sarria-forum\/"]}]}},"_links":{"self":[{"href":"https:\/\/torresarria.com\/ca\/wp-json\/wp\/v2\/pages\/3664","targetHints":{"allow":["GET"]}}],"collection":[{"href":"https:\/\/torresarria.com\/ca\/wp-json\/wp\/v2\/pages"}],"about":[{"href":"https:\/\/torresarria.com\/ca\/wp-json\/wp\/v2\/types\/page"}],"author":[{"embeddable":true,"href":"https:\/\/torresarria.com\/ca\/wp-json\/wp\/v2\/users\/5"}],"replies":[{"embeddable":true,"href":"https:\/\/torresarria.com\/ca\/wp-json\/wp\/v2\/comments?post=3664"}],"version-history":[{"count":4,"href":"https:\/\/torresarria.com\/ca\/wp-json\/wp\/v2\/pages\/3664\/revisions"}],"predecessor-version":[{"id":3697,"href":"https:\/\/torresarria.com\/ca\/wp-json\/wp\/v2\/pages\/3664\/revisions\/3697"}],"wp:attachment":[{"href":"https:\/\/torresarria.com\/ca\/wp-json\/wp\/v2\/media?parent=3664"}],"curies":[{"name":"wp","href":"https:\/\/api.w.org\/{rel}","templated":true}]}}